{"id":970,"date":"2021-05-30T14:08:16","date_gmt":"2021-05-30T13:08:16","guid":{"rendered":"https:\/\/securityeye.wordifysites.com\/?page_id=2"},"modified":"2026-04-13T20:25:35","modified_gmt":"2026-04-13T20:25:35","slug":"home","status":"publish","type":"page","link":"https:\/\/rojascreator.com\/es\/","title":{"rendered":"Home"},"content":{"rendered":"<div class=\"gb-container gb-container-29ca58bf\">\n<div class=\"gb-container gb-container-f93ad88d gbp-section__inner\">\n<div class=\"gb-container gb-container-db11357e\">\n\n<h1 class=\"gb-headline gb-headline-6281749f gb-headline-text\">Aprende marketing digital con un consultor SEO.<\/h1>\n\n<\/div>\n<\/div>\n<\/div>\n\n<div class=\"gb-container gb-container-aa565e48 gbp-section\">\n<div class=\"gb-container gb-container-704247a0 gbp-section__inner\">\n<div class=\"gb-container gb-container-09f7d885\">\n\n<div class=\"gb-headline gb-headline-2fbebd91 gb-headline-text gbp-section__tagline\">Talleres<\/div>\n\n\n\n<h1 class=\"gb-headline gb-headline-f9056bac gb-headline-text gbp-section__headline\">Cursos para aprender SEO<\/h1>\n\n<\/div>\n\n<div class=\"gb-container gb-container-46b98a12 gbp-section\">\n<div class=\"gb-container gb-container-66c2fc7e\">\n<div class=\"gb-grid-wrapper gb-grid-wrapper-8b627493\">\n<div class=\"gb-grid-column gb-grid-column-57e6e88f\"><div class=\"gb-container gb-container-57e6e88f gbp-card--border\"><a class=\"gb-container-link\" href=\"https:\/\/rojascreator.com\/es\/seo-course\/\"><\/a>\n\n<figure class=\"wp-block-image size-large is-resized\"><img decoding=\"async\" width=\"1024\" height=\"1024\" src=\"https:\/\/rojascreator.com\/es\/wp-content\/uploads\/2024\/12\/rojas-creator-favicom-1024x1024.webp\" alt=\"\" class=\"wp-image-983\" style=\"width:37px;height:auto\" srcset=\"https:\/\/rojascreator.com\/es\/wp-content\/uploads\/2024\/12\/rojas-creator-favicom-1024x1024.webp 1024w, https:\/\/rojascreator.com\/es\/wp-content\/uploads\/2024\/12\/rojas-creator-favicom-300x300.webp 300w, https:\/\/rojascreator.com\/es\/wp-content\/uploads\/2024\/12\/rojas-creator-favicom-150x150.webp 150w, https:\/\/rojascreator.com\/es\/wp-content\/uploads\/2024\/12\/rojas-creator-favicom-768x768.webp 768w, https:\/\/rojascreator.com\/es\/wp-content\/uploads\/2024\/12\/rojas-creator-favicom.webp 1080w\" sizes=\"(max-width: 1024px) 100vw, 1024px\" \/><\/figure>\n\n\n\n<h3 class=\"gb-headline gb-headline-0b6c38cb gb-headline-text gbp-section__headline\">Curso de SEO<\/h3>\n\n\n\n<div class=\"gb-headline gb-headline-66769919 gb-headline-text gbp-section__text\">Aprende los fundamentos del SEO para aumentar la visibilidad de tu sitio web y generar tr\u00e1fico org\u00e1nico de forma eficaz.<\/div>\n\n\n\n<p><\/p>\n\n\n<div class=\"gb-grid-wrapper gb-grid-wrapper-9b1b0793\">\n<div class=\"gb-grid-column gb-grid-column-6ddf9aa6\"><div class=\"gb-container gb-container-6ddf9aa6\">\n\n<div class=\"gb-headline gb-headline-c8767968 gb-headline-text\">Video Marketing<\/div>\n\n<\/div><\/div>\n\n<div class=\"gb-grid-column gb-grid-column-b2c3b73c\"><div class=\"gb-container gb-container-b2c3b73c\">\n\n<div class=\"gb-headline gb-headline-64d74669 gb-headline-text\">Seo<\/div>\n\n<\/div><\/div>\n<\/div>\n<\/div><\/div>\n\n<div class=\"gb-grid-column gb-grid-column-f44ae729\"><div class=\"gb-container gb-container-f44ae729 gbp-card--border\"><a class=\"gb-container-link\" href=\"https:\/\/rojascreator.com\/es\/local-seo-course\/\"><\/a>\n\n<figure class=\"wp-block-image size-large is-resized\"><img decoding=\"async\" width=\"1024\" height=\"1024\" src=\"https:\/\/rojascreator.com\/es\/wp-content\/uploads\/2024\/12\/rojas-creator-favicom-1024x1024.webp\" alt=\"\" class=\"wp-image-983\" style=\"width:37px;height:auto\" srcset=\"https:\/\/rojascreator.com\/es\/wp-content\/uploads\/2024\/12\/rojas-creator-favicom-1024x1024.webp 1024w, https:\/\/rojascreator.com\/es\/wp-content\/uploads\/2024\/12\/rojas-creator-favicom-300x300.webp 300w, https:\/\/rojascreator.com\/es\/wp-content\/uploads\/2024\/12\/rojas-creator-favicom-150x150.webp 150w, https:\/\/rojascreator.com\/es\/wp-content\/uploads\/2024\/12\/rojas-creator-favicom-768x768.webp 768w, https:\/\/rojascreator.com\/es\/wp-content\/uploads\/2024\/12\/rojas-creator-favicom.webp 1080w\" sizes=\"(max-width: 1024px) 100vw, 1024px\" \/><\/figure>\n\n\n\n<h3 class=\"gb-headline gb-headline-04fd60c0 gb-headline-text gbp-section__headline\">Curso de SEO local<\/h3>\n\n\n\n<div class=\"gb-headline gb-headline-310ac41c gb-headline-text gbp-section__text\">Domina las t\u00e9cnicas de SEO local para conectar con los clientes de tu zona y hacer crecer tu negocio.<\/div>\n\n\n\n<p><\/p>\n\n\n<div class=\"gb-grid-wrapper gb-grid-wrapper-ebea5f6e\">\n<div class=\"gb-grid-column gb-grid-column-54c71d68\"><div class=\"gb-container gb-container-54c71d68\">\n\n<div class=\"gb-headline gb-headline-83334232 gb-headline-text\">Seo local<\/div>\n\n<\/div><\/div>\n\n<div class=\"gb-grid-column gb-grid-column-7118e142\"><div class=\"gb-container gb-container-7118e142\">\n\n<div class=\"gb-headline gb-headline-5d60ffe7 gb-headline-text\">Seo<\/div>\n\n<\/div><\/div>\n<\/div>\n<\/div><\/div>\n\n<div class=\"gb-grid-column gb-grid-column-7ed0309b\"><div class=\"gb-container gb-container-7ed0309b gbp-card--border\"><a class=\"gb-container-link\" href=\"https:\/\/rojascreator.com\/es\/digital-marketing-course\/\"><\/a>\n\n<figure class=\"wp-block-image size-large is-resized\"><img decoding=\"async\" width=\"1024\" height=\"1024\" src=\"https:\/\/rojascreator.com\/es\/wp-content\/uploads\/2024\/12\/rojas-creator-favicom-1024x1024.webp\" alt=\"\" class=\"wp-image-983\" style=\"width:37px;height:auto\" srcset=\"https:\/\/rojascreator.com\/es\/wp-content\/uploads\/2024\/12\/rojas-creator-favicom-1024x1024.webp 1024w, https:\/\/rojascreator.com\/es\/wp-content\/uploads\/2024\/12\/rojas-creator-favicom-300x300.webp 300w, https:\/\/rojascreator.com\/es\/wp-content\/uploads\/2024\/12\/rojas-creator-favicom-150x150.webp 150w, https:\/\/rojascreator.com\/es\/wp-content\/uploads\/2024\/12\/rojas-creator-favicom-768x768.webp 768w, https:\/\/rojascreator.com\/es\/wp-content\/uploads\/2024\/12\/rojas-creator-favicom.webp 1080w\" sizes=\"(max-width: 1024px) 100vw, 1024px\" \/><\/figure>\n\n\n\n<h3 class=\"gb-headline gb-headline-7aac0687 gb-headline-text gbp-section__headline\">Curso de marketing digital<\/h3>\n\n\n\n<div class=\"gb-headline gb-headline-58fc9400 gb-headline-text gbp-section__text\">Te ense\u00f1ar\u00e9 c\u00f3mo atraer al p\u00fablico adecuado, aumentar la interacci\u00f3n y convertir clics en clientes.<\/div>\n\n\n\n<p><\/p>\n\n\n<div class=\"gb-grid-wrapper gb-grid-wrapper-6b821dc0\">\n<div class=\"gb-grid-column gb-grid-column-8f631406\"><div class=\"gb-container gb-container-8f631406\">\n\n<div class=\"gb-headline gb-headline-18c3c02c gb-headline-text\">Marketing Digital  <\/div>\n\n<\/div><\/div>\n\n<div class=\"gb-grid-column gb-grid-column-96a22fcb\"><div class=\"gb-container gb-container-96a22fcb\">\n\n<div class=\"gb-headline gb-headline-b64099b0 gb-headline-text\">RRSS<\/div>\n\n<\/div><\/div>\n<\/div>\n<\/div><\/div>\n<\/div>\n<\/div>\n<\/div>\n<\/div>\n<\/div>\n\n<div class=\"gb-container gb-container-9a4e4ce2\">\n<div class=\"gb-container gb-container-431bee7d gbp-section__inner\">\n<div class=\"gb-container gb-container-903cf8ff\">\n\n<div class=\"gb-headline gb-headline-892ad58f gb-headline-text gbp-section__tagline\">M\u00e9todos estrat\u00e9gicos<\/div>\n\n\n\n<h1 class=\"gb-headline gb-headline-746e4ca6 gb-headline-text gbp-section__headline\">Servicios de marketing digital y creaci\u00f3n de marca para empresas<\/h1>\n\n<\/div>\n\n<div class=\"gb-container gb-container-d882ca88 gbp-section\">\n<div class=\"gb-container gb-container-436ef59f\">\n<div class=\"gb-grid-wrapper gb-grid-wrapper-dd2ca31d\">\n<div class=\"gb-grid-column gb-grid-column-5dfda7e9\"><div class=\"gb-container gb-container-5dfda7e9 gbp-card--border\"><a class=\"gb-container-link\" href=\"https:\/\/rojascreator.com\/es\/digital-marketing-services\/\"><\/a>\n\n<figure class=\"wp-block-image size-large is-resized\"><img decoding=\"async\" width=\"1024\" height=\"1024\" src=\"https:\/\/rojascreator.com\/es\/wp-content\/uploads\/2024\/12\/rojas-creator-favicom-1024x1024.webp\" alt=\"\" class=\"wp-image-983\" style=\"width:37px;height:auto\" srcset=\"https:\/\/rojascreator.com\/es\/wp-content\/uploads\/2024\/12\/rojas-creator-favicom-1024x1024.webp 1024w, https:\/\/rojascreator.com\/es\/wp-content\/uploads\/2024\/12\/rojas-creator-favicom-300x300.webp 300w, https:\/\/rojascreator.com\/es\/wp-content\/uploads\/2024\/12\/rojas-creator-favicom-150x150.webp 150w, https:\/\/rojascreator.com\/es\/wp-content\/uploads\/2024\/12\/rojas-creator-favicom-768x768.webp 768w, https:\/\/rojascreator.com\/es\/wp-content\/uploads\/2024\/12\/rojas-creator-favicom.webp 1080w\" sizes=\"(max-width: 1024px) 100vw, 1024px\" \/><\/figure>\n\n\n\n<h3 class=\"gb-headline gb-headline-66da374b gb-headline-text gbp-section__headline\">Marketing Digital  <\/h3>\n\n\n\n<div class=\"gb-headline gb-headline-32bf901e gb-headline-text gbp-section__text\">Aprende los fundamentos del SEO para aumentar la visibilidad de tu sitio web y generar tr\u00e1fico org\u00e1nico de forma eficaz.<\/div>\n\n\n\n<p><\/p>\n\n\n<div class=\"gb-grid-wrapper gb-grid-wrapper-a7036d65\">\n<div class=\"gb-grid-column gb-grid-column-b2c4e9a4\"><div class=\"gb-container gb-container-b2c4e9a4\">\n\n<div class=\"gb-headline gb-headline-9efaef80 gb-headline-text\">&nbsp;marketing strategies<\/div>\n\n<\/div><\/div>\n<\/div>\n<\/div><\/div>\n\n<div class=\"gb-grid-column gb-grid-column-8480ba73\"><div class=\"gb-container gb-container-8480ba73 gbp-card--border\"><a class=\"gb-container-link\" href=\"https:\/\/rojascreator.com\/es\/seo\/\"><\/a>\n\n<figure class=\"wp-block-image size-large is-resized\"><img decoding=\"async\" width=\"1024\" height=\"1024\" src=\"https:\/\/rojascreator.com\/es\/wp-content\/uploads\/2024\/12\/rojas-creator-favicom-1024x1024.webp\" alt=\"\" class=\"wp-image-983\" style=\"width:37px;height:auto\" srcset=\"https:\/\/rojascreator.com\/es\/wp-content\/uploads\/2024\/12\/rojas-creator-favicom-1024x1024.webp 1024w, https:\/\/rojascreator.com\/es\/wp-content\/uploads\/2024\/12\/rojas-creator-favicom-300x300.webp 300w, https:\/\/rojascreator.com\/es\/wp-content\/uploads\/2024\/12\/rojas-creator-favicom-150x150.webp 150w, https:\/\/rojascreator.com\/es\/wp-content\/uploads\/2024\/12\/rojas-creator-favicom-768x768.webp 768w, https:\/\/rojascreator.com\/es\/wp-content\/uploads\/2024\/12\/rojas-creator-favicom.webp 1080w\" sizes=\"(max-width: 1024px) 100vw, 1024px\" \/><\/figure>\n\n\n\n<h3 class=\"gb-headline gb-headline-bb892d67 gb-headline-text gbp-section__headline\">Servicio de SEO<\/h3>\n\n\n\n<div class=\"gb-headline gb-headline-054216e2 gb-headline-text gbp-section__text\">Domina las t\u00e9cnicas de SEO local para conectar con los clientes de tu zona y hacer crecer tu negocio.<\/div>\n\n\n\n<p><\/p>\n\n\n<div class=\"gb-grid-wrapper gb-grid-wrapper-89e9e63e\">\n<div class=\"gb-grid-column gb-grid-column-d3a9b615\"><div class=\"gb-container gb-container-d3a9b615\">\n\n<div class=\"gb-headline gb-headline-9e2dc657 gb-headline-text\">Optimise your website<\/div>\n\n<\/div><\/div>\n<\/div>\n<\/div><\/div>\n\n<div class=\"gb-grid-column gb-grid-column-99c3583f\"><div class=\"gb-container gb-container-99c3583f gbp-card--border\"><a class=\"gb-container-link\" href=\"https:\/\/rojascreator.com\/es\/marketing-campaign\/\"><\/a>\n\n<figure class=\"wp-block-image size-large is-resized\"><img decoding=\"async\" width=\"1024\" height=\"1024\" src=\"https:\/\/rojascreator.com\/es\/wp-content\/uploads\/2024\/12\/rojas-creator-favicom-1024x1024.webp\" alt=\"\" class=\"wp-image-983\" style=\"width:37px;height:auto\" srcset=\"https:\/\/rojascreator.com\/es\/wp-content\/uploads\/2024\/12\/rojas-creator-favicom-1024x1024.webp 1024w, https:\/\/rojascreator.com\/es\/wp-content\/uploads\/2024\/12\/rojas-creator-favicom-300x300.webp 300w, https:\/\/rojascreator.com\/es\/wp-content\/uploads\/2024\/12\/rojas-creator-favicom-150x150.webp 150w, https:\/\/rojascreator.com\/es\/wp-content\/uploads\/2024\/12\/rojas-creator-favicom-768x768.webp 768w, https:\/\/rojascreator.com\/es\/wp-content\/uploads\/2024\/12\/rojas-creator-favicom.webp 1080w\" sizes=\"(max-width: 1024px) 100vw, 1024px\" \/><\/figure>\n\n\n\n<h3 class=\"gb-headline gb-headline-5803c71e gb-headline-text gbp-section__headline\">Campa\u00f1as de Pago<\/h3>\n\n\n\n<div class=\"gb-headline gb-headline-3af287ae gb-headline-text gbp-section__text\">Te ense\u00f1ar\u00e9 c\u00f3mo atraer al p\u00fablico adecuado, aumentar la interacci\u00f3n y convertir clics en clientes.<\/div>\n\n\n\n<p><\/p>\n\n\n<div class=\"gb-grid-wrapper gb-grid-wrapper-268c2d9b\">\n<div class=\"gb-grid-column gb-grid-column-53ca0ab3\"><div class=\"gb-container gb-container-53ca0ab3\">\n\n<div class=\"gb-headline gb-headline-82ad195d gb-headline-text\">connect with your Target<\/div>\n\n<\/div><\/div>\n<\/div>\n<\/div><\/div>\n<\/div>\n<\/div>\n<\/div>\n\n<div class=\"gb-container gb-container-b715596f\">\n<div class=\"gb-container gb-container-ea092b6b\">\n\n<h2 class=\"gb-headline gb-headline-115a9bbd gb-headline-text gbp-section__headline\">Con la confianza de numerosos proyectos que hablan por s\u00ed mismos.<\/h2>\n\n<\/div>\n\n<section class=\"gb-container gb-container-92040401\">\n<div class=\"gb-grid-wrapper gb-grid-wrapper-53d8e85f\">\n<div class=\"gb-grid-column gb-grid-column-52a0e868\"><div class=\"gb-container gb-container-52a0e868\">\n<div class=\"wp-block-image\">\n<figure class=\"aligncenter size-full\"><img decoding=\"async\" width=\"1920\" height=\"587\" src=\"https:\/\/rojascreator.com\/es\/wp-content\/uploads\/2025\/01\/NDM-Law-firm.webp\" alt=\"\" class=\"wp-image-1637\" srcset=\"https:\/\/rojascreator.com\/es\/wp-content\/uploads\/2025\/01\/NDM-Law-firm.webp 1920w, https:\/\/rojascreator.com\/es\/wp-content\/uploads\/2025\/01\/NDM-Law-firm-300x92.webp 300w, https:\/\/rojascreator.com\/es\/wp-content\/uploads\/2025\/01\/NDM-Law-firm-1024x313.webp 1024w, https:\/\/rojascreator.com\/es\/wp-content\/uploads\/2025\/01\/NDM-Law-firm-768x235.webp 768w, https:\/\/rojascreator.com\/es\/wp-content\/uploads\/2025\/01\/NDM-Law-firm-1536x470.webp 1536w\" sizes=\"(max-width: 1920px) 100vw, 1920px\" \/><\/figure>\n<\/div>\n<\/div><\/div>\n\n<div class=\"gb-grid-column gb-grid-column-7e258690\"><div class=\"gb-container gb-container-7e258690\">\n<div class=\"wp-block-image\">\n<figure class=\"aligncenter size-full\"><img decoding=\"async\" width=\"1920\" height=\"587\" src=\"https:\/\/rojascreator.com\/es\/wp-content\/uploads\/2025\/01\/Genius-audio.webp\" alt=\"\" class=\"wp-image-1636\" srcset=\"https:\/\/rojascreator.com\/es\/wp-content\/uploads\/2025\/01\/Genius-audio.webp 1920w, https:\/\/rojascreator.com\/es\/wp-content\/uploads\/2025\/01\/Genius-audio-300x92.webp 300w, https:\/\/rojascreator.com\/es\/wp-content\/uploads\/2025\/01\/Genius-audio-1024x313.webp 1024w, https:\/\/rojascreator.com\/es\/wp-content\/uploads\/2025\/01\/Genius-audio-768x235.webp 768w, https:\/\/rojascreator.com\/es\/wp-content\/uploads\/2025\/01\/Genius-audio-1536x470.webp 1536w\" sizes=\"(max-width: 1920px) 100vw, 1920px\" \/><\/figure>\n<\/div>\n<\/div><\/div>\n\n<div class=\"gb-grid-column gb-grid-column-adfe8c44\"><div class=\"gb-container gb-container-adfe8c44\">\n<div class=\"wp-block-image\">\n<figure class=\"aligncenter size-large\"><img decoding=\"async\" width=\"1024\" height=\"306\" src=\"https:\/\/rojascreator.com\/es\/wp-content\/uploads\/2025\/01\/Notaries-1024x306.webp\" alt=\"\" class=\"wp-image-1638\" srcset=\"https:\/\/rojascreator.com\/es\/wp-content\/uploads\/2025\/01\/Notaries-1024x306.webp 1024w, https:\/\/rojascreator.com\/es\/wp-content\/uploads\/2025\/01\/Notaries-300x90.webp 300w, https:\/\/rojascreator.com\/es\/wp-content\/uploads\/2025\/01\/Notaries-768x230.webp 768w, https:\/\/rojascreator.com\/es\/wp-content\/uploads\/2025\/01\/Notaries-1536x459.webp 1536w, https:\/\/rojascreator.com\/es\/wp-content\/uploads\/2025\/01\/Notaries.webp 1920w\" sizes=\"(max-width: 1024px) 100vw, 1024px\" \/><\/figure>\n<\/div>\n<\/div><\/div>\n\n<div class=\"gb-grid-column gb-grid-column-b3d31edb\"><div class=\"gb-container gb-container-b3d31edb\">\n<div class=\"wp-block-image\">\n<figure class=\"aligncenter size-large\"><img decoding=\"async\" width=\"1024\" height=\"314\" src=\"https:\/\/rojascreator.com\/es\/wp-content\/uploads\/2025\/01\/Twister-Agnecy-1024x314.webp\" alt=\"\" class=\"wp-image-1639\" srcset=\"https:\/\/rojascreator.com\/es\/wp-content\/uploads\/2025\/01\/Twister-Agnecy-1024x314.webp 1024w, https:\/\/rojascreator.com\/es\/wp-content\/uploads\/2025\/01\/Twister-Agnecy-300x92.webp 300w, https:\/\/rojascreator.com\/es\/wp-content\/uploads\/2025\/01\/Twister-Agnecy-768x235.webp 768w, https:\/\/rojascreator.com\/es\/wp-content\/uploads\/2025\/01\/Twister-Agnecy-1536x470.webp 1536w, https:\/\/rojascreator.com\/es\/wp-content\/uploads\/2025\/01\/Twister-Agnecy.webp 1920w\" sizes=\"(max-width: 1024px) 100vw, 1024px\" \/><\/figure>\n<\/div>\n<\/div><\/div>\n<\/div>\n<\/section>\n<\/div>\n<\/div>\n<\/div>\n\n<div class=\"gb-container gb-container-26c16195 gbp-section\">\n<div class=\"gb-container gb-container-5db60dcb gbp-section__inner\">\n<div class=\"gb-container gb-container-c9329612\">\n\n<div class=\"gb-headline gb-headline-b211a194 gb-headline-text gbp-section__tagline\">Xopa&#8230;<\/div>\n\n\n\n<h1 class=\"gb-headline gb-headline-d75b4302 gb-headline-text gbp-section__headline\">\u00bfC\u00f3mo contactarme para obtener ayuda?<\/h1>\n\n<\/div>\n\n<div class=\"gb-container gb-container-0ec4c649\">\n<div class=\"gb-grid-wrapper gb-grid-wrapper-2c4da3cd\">\n<div class=\"gb-grid-column gb-grid-column-5dbd388a\"><div class=\"gb-container gb-container-5dbd388a\">\n<div class=\"gb-container gb-container-8146c5b9 gbp-card--border\"><a class=\"gb-container-link\" href=\"https:\/\/rojascreator.com\/es\/about\/\" rel=\"noopener noreferrer\" target=\"_blank\"><\/a>\n\n<h3 class=\"gb-headline gb-headline-09ce194c\"><span class=\"gb-icon\"><svg aria-hidden=\"true\" role=\"img\" height=\"1em\" width=\"1em\" viewBox=\"0 0 496 512\" xmlns=\"http:\/\/www.w3.org\/2000\/svg\"><path fill=\"currentColor\" d=\"M248 8C111 8 0 119 0 256s111 248 248 248 248-111 248-248S385 8 248 8zm0 96c48.6 0 88 39.4 88 88s-39.4 88-88 88-88-39.4-88-88 39.4-88 88-88zm0 344c-58.7 0-111.3-26.6-146.5-68.2 18.8-35.4 55.6-59.8 98.5-59.8 2.4 0 4.8.4 7.1 1.1 13 4.2 26.6 6.9 40.9 6.9 14.3 0 28-2.7 40.9-6.9 2.3-.7 4.7-1.1 7.1-1.1 42.9 0 79.7 24.4 98.5 59.8C359.3 421.4 306.7 448 248 448z\"><\/path><\/svg><\/span><span class=\"gb-headline-text\">Aprende m\u00e1s sobre m\u00ed<\/span><\/h3>\n\n\n\n<p>No soy el t\u00edpico consultor SEO; ayudo a los equipos a comprender realmente el SEO, desglos\u00e1ndolo en pasos sencillos y l\u00f3gicos. Se trata de desarrollar habilidades pr\u00e1cticas para impulsar tu negocio online.<\/p>\n\n<\/div>\n<\/div><\/div>\n\n<div class=\"gb-grid-column gb-grid-column-7a7a14a2\"><div class=\"gb-container gb-container-7a7a14a2\" id=\"contacto\">\n\n<h3 class=\"gb-headline gb-headline-e0970646\"><span class=\"gb-icon\"><svg aria-hidden=\"true\" role=\"img\" height=\"1em\" width=\"1em\" viewBox=\"0 0 512 512\" xmlns=\"http:\/\/www.w3.org\/2000\/svg\"><path fill=\"currentColor\" d=\"M464 64H48C21.49 64 0 85.49 0 112v288c0 26.51 21.49 48 48 48h416c26.51 0 48-21.49 48-48V112c0-26.51-21.49-48-48-48zm0 48v40.805c-22.422 18.259-58.168 46.651-134.587 106.49-16.841 13.247-50.201 45.072-73.413 44.701-23.208.375-56.579-31.459-73.413-44.701C106.18 199.465 70.425 171.067 48 152.805V112h416zM48 400V214.398c22.914 18.251 55.409 43.862 104.938 82.646 21.857 17.205 60.134 55.186 103.062 54.955 42.717.231 80.509-37.199 103.053-54.947 49.528-38.783 82.032-64.401 104.947-82.653V400H48z\"><\/path><\/svg><\/span><span class=\"gb-headline-text\">Me pondr\u00e9 en contacto contigo.<\/span><\/h3>\n\n\n\n<div class=\"wp-block-contact-form-7-contact-form-selector\">\n<div class=\"wpcf7 no-js\" id=\"wpcf7-f1498-o1\" lang=\"es-ES\" dir=\"ltr\" data-wpcf7-id=\"1498\">\n<div class=\"screen-reader-response\"><p role=\"status\" aria-live=\"polite\" aria-atomic=\"true\"><\/p> <ul><\/ul><\/div>\n<form action=\"\/es\/wp-json\/wp\/v2\/pages\/970#wpcf7-f1498-o1\" method=\"post\" class=\"wpcf7-form init\" aria-label=\"Formulario de contacto\" novalidate=\"novalidate\" data-status=\"init\">\n<fieldset class=\"hidden-fields-container\"><input type=\"hidden\" name=\"_wpcf7\" value=\"1498\" \/><input type=\"hidden\" name=\"_wpcf7_version\" value=\"6.1.5\" \/><input type=\"hidden\" name=\"_wpcf7_locale\" value=\"es_ES\" \/><input type=\"hidden\" name=\"_wpcf7_unit_tag\" value=\"wpcf7-f1498-o1\" \/><input type=\"hidden\" name=\"_wpcf7_container_post\" value=\"0\" \/><input type=\"hidden\" name=\"_wpcf7_posted_data_hash\" value=\"\" \/>\n<\/fieldset>\n<div class=\"wpcf7 js\" id=\"wpcf7-f1\" lang=\"es\" dir=\"ltr\">\n\n <!-- Nombre y Empresa -->\n\t<div class=\"wp-block-columns\">\n\t\t<div class=\"wp-block-column\">\n\t\t\t<p><span class=\"wpcf7-form-control-wrap\" data-name=\"your-namedgdfhgfndfhr\"><input size=\"40\" maxlength=\"400\" class=\"wpcf7-form-control wpcf7-text wpcf7-validates-as-required\" aria-required=\"true\" aria-invalid=\"false\" placeholder=\"Nombre\" value=\"\" type=\"text\" name=\"your-namedgdfhgfndfhr\" \/><\/span>\n\t\t\t<\/p>\n\t\t<\/div>\n\t\t<div class=\"wp-block-column\">\n\t\t\t<p><span class=\"wpcf7-form-control-wrap\" data-name=\"your-organisationsdgdrdrdr\"><input size=\"40\" maxlength=\"400\" class=\"wpcf7-form-control wpcf7-text wpcf7-validates-as-required\" aria-required=\"true\" aria-invalid=\"false\" placeholder=\"Empresa\" value=\"\" type=\"text\" name=\"your-organisationsdgdrdrdr\" \/><\/span>\n\t\t\t<\/p>\n\t\t<\/div>\n\t<\/div>\n\n <!-- Correo Electr\u00f3nico y Tel\u00e9fono -->\n\t<div class=\"wp-block-columns\">\n\t\t<div class=\"wp-block-column\">\n\t\t\t<p><span class=\"wpcf7-form-control-wrap\" data-name=\"your-emailrsgdetrr\"><input size=\"40\" maxlength=\"400\" class=\"wpcf7-form-control wpcf7-email wpcf7-validates-as-required wpcf7-text wpcf7-validates-as-email\" aria-required=\"true\" aria-invalid=\"false\" placeholder=\"Correo electr\u00f3nico\" value=\"\" type=\"email\" name=\"your-emailrsgdetrr\" \/><\/span>\n\t\t\t<\/p>\n\t\t<\/div>\n\t\t<div class=\"wp-block-column\">\n\t\t\t<p><span class=\"wpcf7-form-control-wrap\" data-name=\"your-phonegsrergtrrg\"><input size=\"40\" maxlength=\"400\" class=\"wpcf7-form-control wpcf7-tel wpcf7-validates-as-required wpcf7-text wpcf7-validates-as-tel\" aria-required=\"true\" aria-invalid=\"false\" placeholder=\"Tel\u00e9fono\" value=\"\" type=\"tel\" name=\"your-phonegsrergtrrg\" \/><\/span>\n\t\t\t<\/p>\n\t\t<\/div>\n\t<\/div>\n\n <!-- Presupuesto -->\n\t<p><span class=\"wpcf7-form-control-wrap\" data-name=\"budget\"><select class=\"wpcf7-form-control wpcf7-select wpcf7-validates-as-required\" aria-required=\"true\" aria-invalid=\"false\" name=\"budget\"><option value=\"Menos de $500\">Menos de $500<\/option><option value=\"Entre $500 y $1000\">Entre $500 y $1000<\/option><option value=\"Entre $1000 y $2000\">Entre $1000 y $2000<\/option><option value=\"Entre $2000 y $5000\">Entre $2000 y $5000<\/option><option value=\"M\u00e1s de $5000\">M\u00e1s de $5000<\/option><\/select><\/span>\n\t<\/p>\n\n <!-- Mensaje -->\n\t<p><span class=\"wpcf7-form-control-wrap\" data-name=\"your-requirementsfgertgrt\"><textarea cols=\"40\" rows=\"10\" maxlength=\"2000\" class=\"wpcf7-form-control wpcf7-textarea wpcf7-validates-as-required\" aria-required=\"true\" aria-invalid=\"false\" placeholder=\"\u00a1Cu\u00e9ntame sobre tu proyecto! Comparte todos los detalles que puedas y, si tienes un sitio web o enlaces, incl\u00fayelos tambi\u00e9n. \u00a1Responder\u00e9 lo antes posible!\" name=\"your-requirementsfgertgrt\"><\/textarea><\/span>\n\t<\/p>\n\n <!-- Pol\u00edtica de privacidad -->\n\t<p><span class=\"wpcf7-form-control-wrap\" data-name=\"privacy-policy\"><span class=\"wpcf7-form-control wpcf7-acceptance\"><span class=\"wpcf7-list-item\"><label><input type=\"checkbox\" name=\"privacy-policy\" value=\"1\" aria-invalid=\"false\" \/><span class=\"wpcf7-list-item-label\">Acepto la <a href=\"\/privacy-policy\/\">pol\u00edtica de privacidad<\/a><\/span><\/label><\/span><\/span><\/span>\n\t<\/p>\n\n <!-- Bot\u00f3n de Enviar -->\n\t<p><input class=\"wpcf7-form-control wpcf7-submit has-spinner\" type=\"submit\" value=\"Enviar\" \/>\n\t<\/p>\n<\/div><div class=\"wpcf7-response-output\" aria-hidden=\"true\"><\/div>\n<\/form>\n<\/div>\n<\/div>\n\n<\/div><\/div>\n<\/div>\n<\/div>\n<\/div>\n<\/div>","protected":false},"excerpt":{"rendered":"<p>Aprende marketing digital con un consultor SEO. Talleres Cursos para aprender SEO M\u00e9todos estrat\u00e9gicos Servicios de marketing digital y creaci\u00f3n de marca para empresas Con la confianza de numerosos proyectos &#8230; <a title=\"Home\" class=\"read-more\" href=\"https:\/\/rojascreator.com\/es\/\" aria-label=\"Read more about Home\">Read more<\/a><\/p>\n","protected":false},"author":1,"featured_media":1613,"parent":0,"menu_order":0,"comment_status":"closed","ping_status":"open","template":"","meta":{"footnotes":""},"class_list":{"0":"post-970","1":"page","2":"type-page","3":"status-publish","4":"has-post-thumbnail","6":"infinite-scroll-item"},"_links":{"self":[{"href":"https:\/\/rojascreator.com\/es\/wp-json\/wp\/v2\/pages\/970","targetHints":{"allow":["GET"]}}],"collection":[{"href":"https:\/\/rojascreator.com\/es\/wp-json\/wp\/v2\/pages"}],"about":[{"href":"https:\/\/rojascreator.com\/es\/wp-json\/wp\/v2\/types\/page"}],"author":[{"embeddable":true,"href":"https:\/\/rojascreator.com\/es\/wp-json\/wp\/v2\/users\/1"}],"replies":[{"embeddable":true,"href":"https:\/\/rojascreator.com\/es\/wp-json\/wp\/v2\/comments?post=970"}],"version-history":[{"count":0,"href":"https:\/\/rojascreator.com\/es\/wp-json\/wp\/v2\/pages\/970\/revisions"}],"wp:featuredmedia":[{"embeddable":true,"href":"https:\/\/rojascreator.com\/es\/wp-json\/wp\/v2\/media\/1613"}],"wp:attachment":[{"href":"https:\/\/rojascreator.com\/es\/wp-json\/wp\/v2\/media?parent=970"}],"curies":[{"name":"wp","href":"https:\/\/api.w.org\/{rel}","templated":true}]}}